{"id":317,"date":"2018-06-30T12:53:47","date_gmt":"2018-06-30T10:53:47","guid":{"rendered":"http:\/\/www.webguru.at\/bp\/?page_id=317"},"modified":"2024-09-11T12:41:40","modified_gmt":"2024-09-11T10:41:40","slug":"tiraz","status":"publish","type":"page","link":"https:\/\/www.baierpartners.com\/bp\/cs\/kontakt\/tiraz\/","title":{"rendered":"Tir\u00e1\u017e"},"content":{"rendered":"<h2>Tir\u00e1\u017e<\/h2>\n<p>Zve\u0159ejn\u011bn\u00ed dle \u00a7 5 odst. 1 rakousk\u00e9ho E-Commerce\u00a0<span style=\"color: #000000;\">a \u00a7 25 z\u00e1kon o sd\u011blovac\u00edch prost\u0159edc\u00edch<\/span>:<\/p>\n<ol>\n<li>Baier Rechtsanw\u00e4lte KG<\/li>\n<li>1040 Wien, Prinz-Eugen-Stra\u00dfe 70, Stiege 1, 4. Stock, Top 9<\/li>\n<li>Tel.: +43 1 515 50 0, e-mail: office@baierpartners.com<\/li>\n<li>\u010c\u00edslo vkladu v\u00a0Obchodn\u00edm rejst\u0159\u00edku: FN 29540t Obchodn\u00ed soud V\u00edde\u0148<\/li>\n<li>\u2013<\/li>\n<li>Advok\u00e1tn\u00ed komora V\u00edde\u0148 (Rechtsanwaltskammer Wien). Stavovsk\u00e9 p\u0159edpisy rakousk\u00e9 advokacie jsou k nahl\u00e9dnut\u00ed:\u00a0<a href=\"https:\/\/www.rechtsanwaelte.at\">www.rechtsanwaelte.at<\/a><\/li>\n<li>I\u010c DPH:\u00a0\u00a0 ATU 10522807<\/li>\n<li>DVR: 4016218<\/li>\n<\/ol>\n<p>P\u0159edm\u011bt podniku je vykon\u00e1v\u00e1n\u00ed advokacie v\u010detn\u011b pot\u0159ebn\u00fdch pomocn\u00fdch \u010dinnost\u00ed a spr\u00e1va majetku spole\u010dnosti (\u00a721c Z 6 RAO).<\/p>\n<p>Spole\u010dn\u00edkem jsou n\u00e1sleduj\u00edc\u00ed osoby: Dr. Andreas Alzinger, Dr. Anton Baier, Dr. Alexander Grohmann, Mag. Magda Svoboda-Mascher, Dr. Arno Tertschnig. Statut\u00e1rn\u00edm org\u00e1nem jsou n\u00e1sleduj\u00edc\u00ed osoby: Dr. Andreas Alzinger, Dr. Alexander Grohmann, Mag. Magda Svoboda-Mascher, Dr. Arno Tertschnig.<\/p>\n<p>Tyto webov\u00e9 str\u00e1nky jsou komunika\u010dn\u00edm m\u00e9diem a obrac\u00ed se na klienty a dal\u0161\u00ed osoby, kter\u00e9 maj\u00ed z\u00e1jem na pr\u00e1vn\u00edck\u00fdch ot\u00e1zk\u00e1ch, obsah je prezentace kancel\u00e1\u0159e Baier Rechtsanw\u00e4lte KG a informace k aktu\u00e1ln\u00edm pravn\u00edm ot\u00e1zk\u00e1m.<\/p>\n","protected":false},"excerpt":{"rendered":"<p>Tir\u00e1\u017e Zve\u0159ejn\u011bn\u00ed dle \u00a7 5 odst. 1 rakousk\u00e9ho E-Commerce\u00a0a \u00a7 25 z\u00e1kon o sd\u011blovac\u00edch prost\u0159edc\u00edch: Baier Rechtsanw\u00e4lte KG 1040 Wien, Prinz-Eugen-Stra\u00dfe 70, Stiege 1, 4. Stock, Top 9 Tel.: +43 1 515 50 0, e-mail: office@baierpartners.com \u010c\u00edslo vkladu v\u00a0Obchodn\u00edm rejst\u0159\u00edku:<span class=\"ellipsis\">&hellip;<\/span><\/p>\n<div class=\"read-more\"><a href=\"https:\/\/www.baierpartners.com\/bp\/cs\/kontakt\/tiraz\/\">\u010c\u00edst d\u00e1le &#8250;<\/a><\/div>\n<p><!-- end of .read-more --><\/p>\n","protected":false},"author":2,"featured_media":0,"parent":308,"menu_order":700,"comment_status":"closed","ping_status":"closed","template":"page-Standard-ohneSidebar.php","meta":{"footnotes":""},"class_list":["post-317","page","type-page","status-publish","hentry"],"_links":{"self":[{"href":"https:\/\/www.baierpartners.com\/bp\/cs\/wp-json\/wp\/v2\/pages\/317","targetHints":{"allow":["GET"]}}],"collection":[{"href":"https:\/\/www.baierpartners.com\/bp\/cs\/wp-json\/wp\/v2\/pages"}],"about":[{"href":"https:\/\/www.baierpartners.com\/bp\/cs\/wp-json\/wp\/v2\/types\/page"}],"author":[{"embeddable":true,"href":"https:\/\/www.baierpartners.com\/bp\/cs\/wp-json\/wp\/v2\/users\/2"}],"replies":[{"embeddable":true,"href":"https:\/\/www.baierpartners.com\/bp\/cs\/wp-json\/wp\/v2\/comments?post=317"}],"version-history":[{"count":0,"href":"https:\/\/www.baierpartners.com\/bp\/cs\/wp-json\/wp\/v2\/pages\/317\/revisions"}],"up":[{"embeddable":true,"href":"https:\/\/www.baierpartners.com\/bp\/cs\/wp-json\/wp\/v2\/pages\/308"}],"wp:attachment":[{"href":"https:\/\/www.baierpartners.com\/bp\/cs\/wp-json\/wp\/v2\/media?parent=317"}],"curies":[{"name":"wp","href":"https:\/\/api.w.org\/{rel}","templated":true}]}}