{"id":295,"date":"2018-06-30T12:24:26","date_gmt":"2018-06-30T10:24:26","guid":{"rendered":"http:\/\/www.webguru.at\/bp\/?page_id=295"},"modified":"2024-09-11T12:43:16","modified_gmt":"2024-09-11T10:43:16","slug":"impressum","status":"publish","type":"page","link":"https:\/\/www.baierpartners.com\/bp\/kontakt\/impressum\/","title":{"rendered":"Impressum"},"content":{"rendered":"<h2>Impressum<\/h2>\n<p>Offenlegung gem\u00e4\u00df \u00a7 5 Abs 1 E-Commerce Gesetz und \u00a7 25 Mediengesetz:<\/p>\n<ol>\n<li>Baier Rechtsanw\u00e4lte KG<\/li>\n<li>1040 Wien, Prinz-Eugen-Stra\u00dfe 70, Stiege 1, 4. Stock, Top 9<\/li>\n<li>Tel.: +43 1 515 50 0,\u00a0 E-Mail: office@baierpartners.com<\/li>\n<li>Firmenbuchnummer: FN 29540t Handelsgericht Wien<\/li>\n<li>\u00a0\u2013<\/li>\n<li>Rechtsanwaltskammer Wien.<br \/>\nDie standes- und berufsrechtlichen Vorschriften der \u00f6sterreichischen Rechtsanwaltschaft sind einsehbar unter:\u00a0<a href=\"https:\/\/www.rechtsanwaelte.at\/\" target=\"_blank\" rel=\"noopener\">www.rechtsanwaelte.at<\/a><\/li>\n<li>UID Nummer: ATU 10522807<\/li>\n<li>DVR: 4016218<\/li>\n<\/ol>\n<p>Gegenstand des Unternehmens ist die Aus\u00fcbung der Rechtsanwaltschaft einschlie\u00dflich der erforderlichen Hilfst\u00e4tigkeiten und der Verwaltung des Gesellschaftsverm\u00f6gens (\u00a7 21c Z 6 RAO).<\/p>\n<p>Gesellschafter sind folgende Personen: Dr. Andreas Alzinger, Dr. Anton Baier, Dr. Alexander Grohmann, Mag. Magda Svoboda-Mascher, Dr. Arno Tertschnig. Vertretungsbefugte Organe sind folgende Personen: Dr. Andreas Alzinger, Dr. Alexander Grohmann, Mag. Magda Svoboda-Mascher, Dr. Arno Tertschnig.<\/p>\n<p>Diese Website ist ein Kommunikationsmedium und richtet sich an Klienten sowie sonstige an Rechtsfragen interessierte Personen. Inhalte sind die Pr\u00e4sentation der Kanzlei Baier Rechtsanw\u00e4lte KG und Informationen zu aktuellen rechtlichen Fragestellungen.<\/p>\n","protected":false},"excerpt":{"rendered":"<p>Impressum Offenlegung gem\u00e4\u00df \u00a7 5 Abs 1 E-Commerce Gesetz und \u00a7 25 Mediengesetz: Baier Rechtsanw\u00e4lte KG 1040 Wien, Prinz-Eugen-Stra\u00dfe 70, Stiege 1, 4. Stock, Top 9 Tel.: +43 1 515 50 0,\u00a0 E-Mail: office@baierpartners.com Firmenbuchnummer: FN 29540t Handelsgericht Wien \u00a0\u2013<span class=\"ellipsis\">&hellip;<\/span><\/p>\n<div class=\"read-more\"><a href=\"https:\/\/www.baierpartners.com\/bp\/kontakt\/impressum\/\">Weiterlesen \u203a<\/a><\/div>\n<p><!-- end of .read-more --><\/p>\n","protected":false},"author":2,"featured_media":0,"parent":194,"menu_order":700,"comment_status":"closed","ping_status":"closed","template":"page-Standard-ohneSidebar.php","meta":{"footnotes":""},"class_list":["post-295","page","type-page","status-publish","hentry"],"_links":{"self":[{"href":"https:\/\/www.baierpartners.com\/bp\/wp-json\/wp\/v2\/pages\/295","targetHints":{"allow":["GET"]}}],"collection":[{"href":"https:\/\/www.baierpartners.com\/bp\/wp-json\/wp\/v2\/pages"}],"about":[{"href":"https:\/\/www.baierpartners.com\/bp\/wp-json\/wp\/v2\/types\/page"}],"author":[{"embeddable":true,"href":"https:\/\/www.baierpartners.com\/bp\/wp-json\/wp\/v2\/users\/2"}],"replies":[{"embeddable":true,"href":"https:\/\/www.baierpartners.com\/bp\/wp-json\/wp\/v2\/comments?post=295"}],"version-history":[{"count":0,"href":"https:\/\/www.baierpartners.com\/bp\/wp-json\/wp\/v2\/pages\/295\/revisions"}],"up":[{"embeddable":true,"href":"https:\/\/www.baierpartners.com\/bp\/wp-json\/wp\/v2\/pages\/194"}],"wp:attachment":[{"href":"https:\/\/www.baierpartners.com\/bp\/wp-json\/wp\/v2\/media?parent=295"}],"curies":[{"name":"wp","href":"https:\/\/api.w.org\/{rel}","templated":true}]}}